 {"id":18350,"date":"2023-05-19T09:18:03","date_gmt":"2023-05-19T08:18:03","guid":{"rendered":"https:\/\/www.euskaltax.com\/?page_id=18350"},"modified":"2023-09-29T10:44:44","modified_gmt":"2023-09-29T09:44:44","slug":"euskaltax","status":"publish","type":"page","link":"https:\/\/www.euskaltax.com\/eu\/euskaltax\/","title":{"rendered":"EUSKALTAX"},"content":{"rendered":"<section class=\"intro module \">\r\n<div class=\"container\">\r\n\r\nTrabajamos desde 1998 en el \u00e1mbito del asesoramiento tributario y mercantil. Analizamos la situaci\u00f3n de tu negocio, diagnosticamos y te damos soluciones. Somos especialistas en las problem\u00e1ticas derivadas del Derecho Fiscal y Mercantil.\r\n\r\nResolvemos conflictos mercantiles y tributarios, atendemos inspecciones fiscales, planificamos y asesoramos en transmisiones de empresas, planteamos reestructuraciones empresariales, siempre a trav\u00e9s de las m\u00e1s actuales herramientas de planificaci\u00f3n tributaria. Prestamos un asesoramiento integral a personas f\u00edsicas, grupos familiares y family office.\r\n\r\n<\/div>\r\n<\/section><img class=\"aligncenter lazyload\" style=\"width: 100vh;\" alt=\"https:\/\/www.euskaltax.com\/assets\/media\/panoramica.jpg\" data-src=\"https:\/\/www.euskaltax.com\/assets\/media\/panoramica.jpg\">\r\n\r\n<section class=\"nosotros\">\r\n<div class=\"container \" style=\"margin-top: 50px; margin-bottom: 50px;\">\r\n<h3 style=\"text-align: center;color:#00365a;\">Nuestro compromiso:<\/h3>\r\n<p><strong>Eficiencia y rigor t\u00e9cnico:<\/strong> Nuestro objetivo es ofrecer un asesoramiento de calidad y eficiencia, buscando la excelencia en todas las \u00e1reas de nuestra practica. Una vez conocidas tus necesidades \u00f3 las de tu negocio, te proponemos una soluci\u00f3n eficaz basada en un amplio conocimiento de la legislaci\u00f3n vigente.<\/p>\r\n\r\n\r\n<p><strong>Transparencia:<\/strong> Contar con la confianza de nuestro cliente es b\u00e1sica para enfrentarnos a los retos diarios y futuros de nuestro trabajo. Por ello, damos una importancia capital a la transparencia en todos los \u00e1mbitos. La transparencia es parte de la cultura de Euskaltax.<\/p>\r\n\r\n\r\n<p><strong>Talento y Modernidad:<\/strong> El talento de los profesionales que forman parte de Euskaltax es nuestro mayor activo. Euskaltax cuenta con un equipo con dilatada experiencia en prestigiosos despachos nacionales e internacionales, joven y din\u00e1mico, que vive acorde a los nuevos tiempos buscando soluciones innovadoras para nuestros clientes.<\/p>\r\n\r\n\r\n<p><strong>Confidencialidad:<\/strong> La confidencialidad de la informaci\u00f3n y el secreto profesional son piedras angulares de nuestro negocio. Son un deber y una obligaci\u00f3n y aplicamos los protocolos m\u00e1s estrictos para su salvaguarda.<\/p>\r\n\r\n\r\n<p><strong>Anticipaci\u00f3n e Implicaci\u00f3n:<\/strong> En Euskaltax tratamos las necesidades de nuestros clientes como si fueran nuestras, involucr\u00e1ndonos en los asuntos de principio a fin. Planificamos la problem\u00e1tica tributaria o legal de una forma anticipada en el tiempo aportando soluciones individualizadas y adaptadas a las necesidades de nuestros clientes.<\/p>\r\n\r\n\r\n<p><strong>Estabilidad:<\/strong> Nuestro equipo de trabajo se encuentra integrado por profesionales comprometidos con un proyecto a largo plazo, garantizando la estabilidad del capital humano.<\/p>\r\n\r\n<\/div>\r\n<\/section>","protected":false},"excerpt":{"rendered":"<p>Trabajamos desde 1998 en el \u00e1mbito del asesoramiento tributario y mercantil. Analizamos la situaci\u00f3n de tu negocio, diagnosticamos y te damos soluciones. Somos especialistas en las problem\u00e1ticas derivadas del Derecho Fiscal y Mercantil. Resolvemos conflictos mercantiles y tributarios, atendemos inspecciones fiscales, planificamos y asesoramos en transmisiones de empresas, planteamos reestructuraciones empresariales, siempre a trav\u00e9s de [&hellip;]<\/p>\n","protected":false},"author":1,"featured_media":18505,"parent":0,"menu_order":0,"comment_status":"closed","ping_status":"closed","template":"templates\/page-big-hero-with-container.php","meta":{"_acf_changed":false,"footnotes":""},"class_list":["post-18350","page","type-page","status-publish","has-post-thumbnail","hentry"],"acf":[],"_links":{"self":[{"href":"https:\/\/www.euskaltax.com\/eu\/wp-json\/wp\/v2\/pages\/18350","targetHints":{"allow":["GET"]}}],"collection":[{"href":"https:\/\/www.euskaltax.com\/eu\/wp-json\/wp\/v2\/pages"}],"about":[{"href":"https:\/\/www.euskaltax.com\/eu\/wp-json\/wp\/v2\/types\/page"}],"author":[{"embeddable":true,"href":"https:\/\/www.euskaltax.com\/eu\/wp-json\/wp\/v2\/users\/1"}],"replies":[{"embeddable":true,"href":"https:\/\/www.euskaltax.com\/eu\/wp-json\/wp\/v2\/comments?post=18350"}],"version-history":[{"count":1,"href":"https:\/\/www.euskaltax.com\/eu\/wp-json\/wp\/v2\/pages\/18350\/revisions"}],"predecessor-version":[{"id":18351,"href":"https:\/\/www.euskaltax.com\/eu\/wp-json\/wp\/v2\/pages\/18350\/revisions\/18351"}],"wp:featuredmedia":[{"embeddable":true,"href":"https:\/\/www.euskaltax.com\/eu\/wp-json\/wp\/v2\/media\/18505"}],"wp:attachment":[{"href":"https:\/\/www.euskaltax.com\/eu\/wp-json\/wp\/v2\/media?parent=18350"}],"curies":[{"name":"wp","href":"https:\/\/api.w.org\/{rel}","templated":true}]}}