 {"id":18348,"date":"2023-05-19T11:47:43","date_gmt":"2023-05-19T10:47:43","guid":{"rendered":"https:\/\/www.euskaltax.com\/?page_id=18348"},"modified":"2023-09-29T10:44:14","modified_gmt":"2023-09-29T09:44:14","slug":"porrot-eta-krisi-egoerak","status":"publish","type":"page","link":"https:\/\/www.euskaltax.com\/eu\/porrot-eta-krisi-egoerak\/","title":{"rendered":"Porrot eta Krisi Egoerak"},"content":{"rendered":"<section class=\"pagina-molde\">\r\n\r\n\t<div class=\"contenido\" data-background=\"https:\/\/www.euskaltax.com\/assets\/media\/concursal.jpg\" style=\"background-image: url(\" https:>\r\n\r\n\t\t<div class=\"container\">\r\n\r\n\t\t\t<main class=\"row\" style=\"justify-content: center\">\r\n\t\t\t\t<div class=\"col-md-5\">\r\n\t\t\t\t\t<p style=\"color:black;\"><strong>Euskaltax cuenta con un equipo de profesionales especializado en el asesoramiento concursal a empresas nacionales e internacionales en situaciones de pre-insolvencia o en su caso de insolvencia, ofreciendo un servicio global en todos los aspectos concursales, mercantiles, civiles, laborales y fiscales.<\/strong><\/p>\r\n\t\t\t\t<\/div>\r\n\r\n\t\t\t\t<div class=\"col-md-5\">\r\n\t\t\t\t\t<ul>\r\n\t\t\t\t\t\t<li><img alt=\"https:\/\/www.euskaltax.com\/assets\/media\/bullet.png\" data-src=\"https:\/\/www.euskaltax.com\/assets\/media\/bullet.png\" class=\" lazyload\"> Asesoramiento Pre Insolvencia.<\/li>\r\n\t\t\t\t\t\t<li><img alt=\"https:\/\/www.euskaltax.com\/assets\/media\/bullet.png\" data-src=\"https:\/\/www.euskaltax.com\/assets\/media\/bullet.png\" class=\" lazyload\"> Preparaci\u00f3n y planificaci\u00f3n de la solicitud de concurso voluntario.<\/li>\r\n\t\t\t\t\t\t<li><img alt=\"https:\/\/www.euskaltax.com\/assets\/media\/bullet.png\" data-src=\"https:\/\/www.euskaltax.com\/assets\/media\/bullet.png\" class=\" lazyload\"> Administraci\u00f3n concursal.<\/li>\r\n\t\t\t\t\t\t<li><img alt=\"https:\/\/www.euskaltax.com\/assets\/media\/bullet.png\" data-src=\"https:\/\/www.euskaltax.com\/assets\/media\/bullet.png\" class=\" lazyload\"> Servicios de asesoramiento legal para la defensa de los intereses de la compa\u00f1\u00eda deudora.<\/li>\r\n\t\t\t\t\t\t<li><img alt=\"https:\/\/www.euskaltax.com\/assets\/media\/bullet.png\" data-src=\"https:\/\/www.euskaltax.com\/assets\/media\/bullet.png\" class=\" lazyload\"> Asesoramiento en materia de responsabilidad de administradores.<\/li>\r\n\t\t\t\t\t\t<li><img alt=\"https:\/\/www.euskaltax.com\/assets\/media\/bullet.png\" data-src=\"https:\/\/www.euskaltax.com\/assets\/media\/bullet.png\" class=\" lazyload\"> Restructuraciones.<\/li>\r\n\t\t\t\t\t\t<li><img alt=\"https:\/\/www.euskaltax.com\/assets\/media\/bullet.png\" data-src=\"https:\/\/www.euskaltax.com\/assets\/media\/bullet.png\" class=\" lazyload\"> Inyecciones de liquidez.<\/li>\r\n\t\t\t\t\t\t<li><img alt=\"https:\/\/www.euskaltax.com\/assets\/media\/bullet.png\" data-src=\"https:\/\/www.euskaltax.com\/assets\/media\/bullet.png\" class=\" lazyload\"> M&amp;A de oportunidad.<\/li>\r\n\r\n\t\t\t\t\t<\/ul>\r\n\t\t\t\t<\/div>\r\n\t\t\t<\/main>\r\n\r\n\t\t<\/div>\r\n\r\n\t<\/div>\r\n\r\n<section><\/section><\/section>","protected":false},"excerpt":{"rendered":"<p>Euskaltax cuenta con un equipo de profesionales especializado en el asesoramiento concursal a empresas nacionales e internacionales en situaciones de pre-insolvencia o en su caso de insolvencia, ofreciendo un servicio global en todos los aspectos concursales, mercantiles, civiles, laborales y fiscales. Asesoramiento Pre Insolvencia. Preparaci\u00f3n y planificaci\u00f3n de la solicitud de concurso voluntario. Administraci\u00f3n concursal. [&hellip;]<\/p>\n","protected":false},"author":1,"featured_media":18428,"parent":0,"menu_order":0,"comment_status":"closed","ping_status":"closed","template":"templates\/page-big-hero.php","meta":{"_acf_changed":false,"footnotes":""},"class_list":["post-18348","page","type-page","status-publish","has-post-thumbnail","hentry"],"acf":[],"_links":{"self":[{"href":"https:\/\/www.euskaltax.com\/eu\/wp-json\/wp\/v2\/pages\/18348","targetHints":{"allow":["GET"]}}],"collection":[{"href":"https:\/\/www.euskaltax.com\/eu\/wp-json\/wp\/v2\/pages"}],"about":[{"href":"https:\/\/www.euskaltax.com\/eu\/wp-json\/wp\/v2\/types\/page"}],"author":[{"embeddable":true,"href":"https:\/\/www.euskaltax.com\/eu\/wp-json\/wp\/v2\/users\/1"}],"replies":[{"embeddable":true,"href":"https:\/\/www.euskaltax.com\/eu\/wp-json\/wp\/v2\/comments?post=18348"}],"version-history":[{"count":1,"href":"https:\/\/www.euskaltax.com\/eu\/wp-json\/wp\/v2\/pages\/18348\/revisions"}],"predecessor-version":[{"id":18349,"href":"https:\/\/www.euskaltax.com\/eu\/wp-json\/wp\/v2\/pages\/18348\/revisions\/18349"}],"wp:featuredmedia":[{"embeddable":true,"href":"https:\/\/www.euskaltax.com\/eu\/wp-json\/wp\/v2\/media\/18428"}],"wp:attachment":[{"href":"https:\/\/www.euskaltax.com\/eu\/wp-json\/wp\/v2\/media?parent=18348"}],"curies":[{"name":"wp","href":"https:\/\/api.w.org\/{rel}","templated":true}]}}