 {"id":19301,"date":"2023-09-13T08:28:06","date_gmt":"2023-09-13T07:28:06","guid":{"rendered":"https:\/\/www.euskaltax.com\/nuestro-equipo\/adrian-gutierrez-gutierrez\/"},"modified":"2024-06-14T12:39:34","modified_gmt":"2024-06-14T11:39:34","slug":"adrian-gutierrez-gutierrez","status":"publish","type":"page","link":"https:\/\/www.euskaltax.com\/en\/our-team\/adrian-gutierrez-gutierrez\/","title":{"rendered":"Adri\u00e1n Guti\u00e9rrez Guti\u00e9rrez"},"content":{"rendered":"<section class=\"module module-divider-bottom\">\r\n\t<div class=\"container\">\r\n\r\n\r\n<div class=\"row\">\r\n\r\n<div class=\"col-md-5\">\r\n\r\n<img alt=\"\" data-src=\"https:\/\/www.euskaltax.com\/assets\/media\/MG_6604.jpg\" class=\" lazyload\">\r\n\r\n<\/div>\r\n\r\n<div class=\"col-md-6\">\r\n<p>He began his professional career in the Municipal Tax Collection company until 2017, when he joined Euskaltax. Specialised in local and municipal taxation.<\/p>\r\n\r\n<h4 style=\"color:#00365a;\">ACADEMIC TRAINING<\/h4>\r\n<p>Bachelor\u2019s degree in Law from the University of Cantabria (2012). <\/p>\r\n<p>Master\u2019s degree in Tax Consultancy from the University of Deusto (2017).\r\n<\/p>\r\n\r\n<h4 style=\"color:#00365a;\">MEMBERSHIP OF INSTITUTIONS<\/h4>\r\n<p>Bar Association of Cantabria.<\/p>\r\n\r\n<h4 style=\"color:#00365a;\">LANGUAGES<\/h4>\r\n<p>Spanish<\/p>\r\n<p>English\r\n<\/p>\r\n\r\n<a href=\"https:\/\/www.linkedin.com\/in\/adri%C3%A1n-guti%C3%A9rrez-guti%C3%A9rrez-8aa069b6\/\" rel=\"noopener\" target=\"_blank\"><img alt=\"\" width=\"50\" height=\"50\" class=\"alignnone size-full wp-image-18278 lazyload\" data-src=\"https:\/\/www.euskaltax.com\/assets\/media\/linkedin.png\"><\/a>\r\n<\/div>\r\n\r\n\r\n\r\n\r\n\r\n<\/div>\r\n<\/div>\r\n<\/section>","protected":false},"excerpt":{"rendered":"<p>He began his professional career in the Municipal Tax Collection company until 2017, when he joined Euskaltax. Specialised in local and municipal taxation. ACADEMIC TRAINING Bachelor\u2019s degree in Law from the University of Cantabria (2012). Master\u2019s degree in Tax Consultancy from the University of Deusto (2017). MEMBERSHIP OF INSTITUTIONS Bar Association of Cantabria. LANGUAGES Spanish [&hellip;]<\/p>\n","protected":false},"author":1,"featured_media":0,"parent":19216,"menu_order":0,"comment_status":"closed","ping_status":"closed","template":"","meta":{"_acf_changed":false,"footnotes":""},"class_list":["post-19301","page","type-page","status-publish","hentry"],"acf":[],"_links":{"self":[{"href":"https:\/\/www.euskaltax.com\/en\/wp-json\/wp\/v2\/pages\/19301","targetHints":{"allow":["GET"]}}],"collection":[{"href":"https:\/\/www.euskaltax.com\/en\/wp-json\/wp\/v2\/pages"}],"about":[{"href":"https:\/\/www.euskaltax.com\/en\/wp-json\/wp\/v2\/types\/page"}],"author":[{"embeddable":true,"href":"https:\/\/www.euskaltax.com\/en\/wp-json\/wp\/v2\/users\/1"}],"replies":[{"embeddable":true,"href":"https:\/\/www.euskaltax.com\/en\/wp-json\/wp\/v2\/comments?post=19301"}],"version-history":[{"count":2,"href":"https:\/\/www.euskaltax.com\/en\/wp-json\/wp\/v2\/pages\/19301\/revisions"}],"predecessor-version":[{"id":19303,"href":"https:\/\/www.euskaltax.com\/en\/wp-json\/wp\/v2\/pages\/19301\/revisions\/19303"}],"up":[{"embeddable":true,"href":"https:\/\/www.euskaltax.com\/en\/wp-json\/wp\/v2\/pages\/19216"}],"wp:attachment":[{"href":"https:\/\/www.euskaltax.com\/en\/wp-json\/wp\/v2\/media?parent=19301"}],"curies":[{"name":"wp","href":"https:\/\/api.w.org\/{rel}","templated":true}]}}