 {"id":19210,"date":"2022-10-18T16:19:36","date_gmt":"2022-10-18T15:19:36","guid":{"rendered":"https:\/\/www.euskaltax.com\/resolucion-de-conflicto\/"},"modified":"2022-10-18T16:19:36","modified_gmt":"2022-10-18T15:19:36","slug":"resolucion-de-conflicto","status":"publish","type":"page","link":"https:\/\/www.euskaltax.com\/en\/resolucion-de-conflicto\/","title":{"rendered":"Resoluci\u00f3n de Conflictos"},"content":{"rendered":"   <section class=\"pagina-molde\">\r\n<div class=\"contenido\" data-background=\"https:\/\/www.euskaltax.com\/assets\/media\/resolucion.jpg\" style=\"background-size: cover;\">\r\n\r\n    <div class=\"container\">\r\n      <p style=\"color:black;\">\r\n        <strong>Euskaltax cuenta con un equipo especialista en derecho procesal y arbitraje que presta, junto con el apoyo de otros departamentos de la firma, asesoramiento en situaciones de conflicto de naturaleza civil y mercantil.<\/strong>\r\n      <\/p>\r\n<br><br>\r\n      <main class=\"row wow fadeInUp\" data-wow-delay=\"1s\" style=\"justify-content: center;\">\r\n        <div class=\"col-md-5\">\r\n          <div class=\"accordion\" id=\"accordionExample-1\">\r\n            <div class=\"card\">\r\n              <div class=\"card-header\" id=\"headingOne\">\r\n               <a href=\"#\" style=\"color:#00365a;\" data-toggle=\"collapse\" data-target=\"#collapseOne\" aria-expanded=\"true\" aria-controls=\"collapseOne\">\r\n                  <img alt=\"\" style=\"width:30px;\" data-src=\"https:\/\/www.euskaltax.com\/assets\/media\/bullet.png\" class=\" lazyload\"> Asesoramiento Preventivo<\/a>\r\n              <\/div>\r\n              <div id=\"collapseOne\" class=\"collapse\" aria-labelledby=\"headingOne\" data-parent=\"#accordionExample-1\">\r\n                <div class=\"card-body\"> Resolvemos las dudas del cliente sobre los pasos a dar para la evitaci\u00f3n, en la medida de lo posible, de futuros conflictos: mediante la redacci\u00f3n de contratos o acuerdos claros, mediante una pronta negociaci\u00f3n de cualquier conflicto, etc.<\/div>\r\n              <\/div>\r\n            <\/div>\r\n          \r\n<br>\r\n<div class=\"accordion\" id=\"accordionExample-2\">\r\n            <div class=\"card\">\r\n              <div class=\"card-header\" id=\"headingTwo\">\r\n                <a href=\"#\" style=\"color:#00365a;\" data-toggle=\"collapse\" data-target=\"#collapseTwo\" aria-expanded=\"true\" aria-controls=\"collapseTwo\">\r\n                  <img alt=\"\" style=\"width:30px;\" data-src=\"https:\/\/www.euskaltax.com\/assets\/media\/bullet.png\" class=\" lazyload\"> M\u00e9todos Alternativos de Soluci\u00f3n de Controversias (mediaci\u00f3n, informes de terceros\u2026) <\/a>\r\n              <\/div>\r\n              <div id=\"collapseTwo\" class=\"collapse\" aria-labelledby=\"headingOne\" data-parent=\"#accordionExample-2\">\r\n                <div class=\"card-body\"> En funci\u00f3n de las circunstancias, actuamos como mediadores o emitimos informes como expertos independientes. Del mismo modo, en la preparaci\u00f3n o redacci\u00f3n de documentos contractuales, suele ser recomendable la inclusi\u00f3n de estos m\u00e9todos alternativos de resoluci\u00f3n de conflictos.<\/div>\r\n              <\/div>\r\n            <\/div>\r\n          <\/div><\/div>\r\n<br>\r\n<div class=\"accordion\" id=\"accordionExample-3\">\r\n            <div class=\"card\">\r\n              <div class=\"card-header\" id=\"headingThree\">\r\n                <a href=\"#\" style=\"color:#00365a;\" data-toggle=\"collapse\" data-target=\"#collapseThree\" aria-expanded=\"true\" aria-controls=\"collapseThree\">\r\n                 <img alt=\"\" style=\"width:30px;\" data-src=\"https:\/\/www.euskaltax.com\/assets\/media\/bullet.png\" class=\" lazyload\"> Procedimientos Judiciales y Arbitraje<\/a>\r\n              <\/div>\r\n              <div id=\"collapseThree\" class=\"collapse\" aria-labelledby=\"headingOne\" data-parent=\"#accordionExample-3\">\r\n                <div class=\"card-body\">Prestamos asesoramiento en la preparaci\u00f3n y llevanza de todo tipo de procesos judiciales o de arbitraje, ante cualquier \u00f3rgano judicial\/organismo arbitral y en todas sus instancias.<\/div>\r\n              <\/div>\r\n            <\/div>\r\n          <\/div>\r\n\r\n      \r\n    <\/div>\r\n  \r\n<\/main><\/div><\/div><\/section>","protected":false},"excerpt":{"rendered":"<p>Euskaltax cuenta con un equipo especialista en derecho procesal y arbitraje que presta, junto con el apoyo de otros departamentos de la firma, asesoramiento en situaciones de conflicto de naturaleza civil y mercantil. Asesoramiento Preventivo Resolvemos las dudas del cliente sobre los pasos a dar para la evitaci\u00f3n, en la medida de lo posible, de [&hellip;]<\/p>\n","protected":false},"author":1,"featured_media":19190,"parent":0,"menu_order":0,"comment_status":"closed","ping_status":"closed","template":"templates\/page-big-hero.php","meta":{"_acf_changed":false,"footnotes":""},"class_list":["post-19210","page","type-page","status-publish","has-post-thumbnail","hentry"],"acf":[],"_links":{"self":[{"href":"https:\/\/www.euskaltax.com\/en\/wp-json\/wp\/v2\/pages\/19210","targetHints":{"allow":["GET"]}}],"collection":[{"href":"https:\/\/www.euskaltax.com\/en\/wp-json\/wp\/v2\/pages"}],"about":[{"href":"https:\/\/www.euskaltax.com\/en\/wp-json\/wp\/v2\/types\/page"}],"author":[{"embeddable":true,"href":"https:\/\/www.euskaltax.com\/en\/wp-json\/wp\/v2\/users\/1"}],"replies":[{"embeddable":true,"href":"https:\/\/www.euskaltax.com\/en\/wp-json\/wp\/v2\/comments?post=19210"}],"version-history":[{"count":0,"href":"https:\/\/www.euskaltax.com\/en\/wp-json\/wp\/v2\/pages\/19210\/revisions"}],"wp:featuredmedia":[{"embeddable":true,"href":"https:\/\/www.euskaltax.com\/en\/wp-json\/wp\/v2\/media\/19190"}],"wp:attachment":[{"href":"https:\/\/www.euskaltax.com\/en\/wp-json\/wp\/v2\/media?parent=19210"}],"curies":[{"name":"wp","href":"https:\/\/api.w.org\/{rel}","templated":true}]}}